{"id":206,"date":"2020-12-07T12:10:54","date_gmt":"2020-12-07T11:10:54","guid":{"rendered":"https:\/\/www.nicadiego.com\/costa-granda-wohnung\/"},"modified":"2020-12-07T12:10:55","modified_gmt":"2020-12-07T11:10:55","slug":"costa-granda-wohnung","status":"publish","type":"page","link":"https:\/\/www.nicadiego.com\/de\/costa-granda-wohnung\/","title":{"rendered":"Costa Granda Wohnung"},"content":{"rendered":"<div class=\"wp-block-vikbooking-gutenberg-shortcodes\">\n<div class=\"wrap plugin-container\">\n\n\t\n\t\n\t<div class=\"container\">\n          <div class=\"row\">\n<div class=\"col-lg-9 col-12\">\n\n\n\n<div class=\"vbrdetboxtop\">\n\n\t<div class=\"vbo-rdet-descprice-block\">\n\t\t<div class=\"vbo-rdet-desc-cont\">\n\t<p>Die Wohnung \"Costa Granda\" ist eine gem\u00fctliche und gro\u00dfz\u00fcgige 3 Zimmer Wohnung mit 120 m\u00b2, die f\u00fcr 4\/6 Personen geeignet ist.<br \/>\nDie Wohnung liegt am ersten Stock und hat eine breite Terrasse auf dem Garten, der 1 Hektar gro\u00df ist, mit Blick auf dem Sorapiss und Antelao, der K\u04e7nig der Dolomiten.<br \/>\nCosta Granda hat ihren eigenen Eingang aus dem privaten Parkplatz. Drinnen finden Sie drei Bettzimmer: man kann zwei als gro\u00dfen Doppelzimmer und ein mit einzelnen Betten nutzen, oder als drei gro\u00dfe Doppelzimmer. In der Wohnung finden Sie auch zwei Badezimmer mit Dusche und ein Wohnzimmer mit K\u00fcche.<br \/>\nIn der Wohnung finden Sie alle Komfort und Haushaltsger\u04d3te, die Sie brauchen werden: K\u00fchlschrank, Waschmaschine, Geschirrsp\u00fclmaschine, Induktionskochfeld, Kaffeemaschine mit Filtern und Moka, Mikrowelle, Haartrockner, Staubsauger, Satellitenfernsehen und W-Lan. Parkplatz, Skidepot mit Skischuhw\u04d3rmer.<br \/>\nAm Ankunft, werden Sie sowohl die Betten schon gemacht finden, als auch Bad- und K\u00fcchenw\u04d3sche, deren w\u04e7chentlicher Wechsel im Preis inbegriffen ist.<br \/>\nCosta Granda ist bis 6 Personen geeignet.<br \/>\nAuf Wunsch bieten wir Hochstuhl und einen kleinen Bett, Wasserkocher, Toaster.<br \/>\nEndreinigung und Konsumausgaben sind im Preis inbegriffen. In Borca di Cadore m\u00fcssen Sie keine Kurtaxe bezahlen.<br \/>\nAm Ankunft werden Sie die Wohnung schon warm finden, und wir werden Ihnen die Schl\u00fcssel direkt vor Ort abgeben.<br \/>\nEinchecken ab 15 Uhr. Auschecken bis 10 Uhr. Fragen Sie uns gerne, falls Sie Bed\u00fcrfnisse haben.<br \/>\nBezahlung: wir fragen um eine Anzahlung von einem Drittel des Gesamtbetrags und Abschlu\u00dfzahlung am Ankunft.<\/p>\n\t\t\t<div class=\"vbo-reqinfo-cont\">\n\t\t\t\t<span><!--<a href=\"Javascript: void(0);\" onclick=\"vboShowRequestInfo();\" class=\"vbo-reqinfo-opener\">Request Information<\/a>--><a href=\"https:\/\/booking.passepartout.cloud\/booking\/formv1?oidPortale=17842&lingua=it\"  class=\"vbo-reqinfo-opener\">Request Information<\/a><\/span>\n\t\t\t<\/div>\n\t\t\t<div id=\"vbdialog-overlay\" style=\"display: none;\">\n\t\t\t\t<a class=\"vbdialog-overlay-close\" href=\"javascript: void(0);\"><\/a>\n\t\t\t\t<div class=\"vbdialog-inner vbdialog-reqinfo\">\n\t\t\t\t\t<h3>Request Information for Costa Granda Wohnung<\/h3>\n\t\t\t\t\t<form action=\"https:\/\/www.nicadiego.com\/de\/costa-granda-wohnung\/?option=com_vikbooking&amp;task=reqinfo\" method=\"post\" onsubmit=\"return vboValidateReqInfo();\">\n\t\t\t\t\t\t<input type=\"hidden\" name=\"roomid\" value=\"4\" \/>\n\t\t\t\t\t\t<input type=\"hidden\" name=\"reqinfotoken\" value=\"243\" \/>\n\t\t\t\t\t\t<input type=\"hidden\" name=\"Itemid\" value=\"0\" \/>\n\t\t\t\t\t\t<div class=\"vbdialog-reqinfo-formcont\">\n\t\t\t\t\t\t\t<div class=\"vbdialog-reqinfo-formentry\">\n\t\t\t\t\t\t\t\t<label for=\"reqname\">Full Name<\/label>\n\t\t\t\t\t\t\t\t<input type=\"text\" name=\"reqname\" id=\"reqname\" value=\"\" placeholder=\"Full Name\" \/>\n\t\t\t\t\t\t\t<\/div>\n\t\t\t\t\t\t\t<div class=\"vbdialog-reqinfo-formentry\">\n\t\t\t\t\t\t\t\t<label for=\"reqemail\">e-Mail<\/label>\n\t\t\t\t\t\t\t\t<input type=\"text\" name=\"reqemail\" id=\"reqemail\" value=\"\" placeholder=\"e-Mail\" \/>\n\t\t\t\t\t\t\t<\/div>\n\t\t\t\t\t\t\t<div class=\"vbdialog-reqinfo-formentry\">\n\t\t\t\t\t\t\t\t<label for=\"reqmess\">Message<\/label>\n\t\t\t\t\t\t\t\t<textarea name=\"reqmess\" id=\"reqmess\" placeholder=\"Message\"><\/textarea>\n\t\t\t\t\t\t\t<\/div>\n\t\t\t\t\t\t<br \/>\n<b>Warning<\/b>:  Undefined array key \"name\" in <b>\/srv\/data\/web\/vhosts\/nicadiego.com\/htdocs\/wp-content\/uploads\/vikbooking\/overrides\/site\/roomdetails\/default.php<\/b> on line <b>170<\/b><br \/>\n\t\t\t\t\t\t\t<div class=\"vbdialog-reqinfo-formentry vbdialog-reqinfo-formentry-ckbox\">\n\t\t\t\t\t\t\t\t<label id=\"vbof\" for=\"vbof-inp\" style=\"display: inline-block;\"><\/label>\t\t\t\t\t\t\t\t<input type=\"checkbox\" name=\"vbof\" id=\"vbof-inp\" value=\"Yes\"\/>\n\t\t\t\t\t\t\t<\/div>\n\t\t\t\t\t\t\t\t\t\t\t\t\t\t<div class=\"vbdialog-reqinfo-formentry vbdialog-reqinfo-formsubmit\">\n\t\t\t\t\t\t\t\t<button type=\"submit\" class=\"btn\">Send Request<\/button>\n\t\t\t\t\t\t\t<\/div>\n\t\t\t\t\t\t<\/div>\n\t\t\t\t\t<\/form>\n\t\t\t\t<\/div>\n\t\t\t<\/div>\n\t\t\t<script type=\"text\/javascript\">\n\t\t\tvar vbdialog_on = false;\n\t\t\tfunction vboShowRequestInfo() {\n\t\t\t\tjQuery(\"#vbdialog-overlay\").fadeIn();\n\t\t\t\tvbdialog_on = true;\n\t\t\t}\n\t\t\tfunction vboHideRequestInfo() {\n\t\t\t\tjQuery(\"#vbdialog-overlay\").fadeOut();\n\t\t\t\tvbdialog_on = false;\n\t\t\t}\n\t\t\tjQuery(function() {\n\t\t\t\tjQuery(document).mouseup(function(e) {\n\t\t\t\t\tif (!vbdialog_on) {\n\t\t\t\t\t\treturn false;\n\t\t\t\t\t}\n\t\t\t\t\tvar vbdialog_cont = jQuery(\".vbdialog-inner\");\n\t\t\t\t\tif (!vbdialog_cont.is(e.target) && vbdialog_cont.has(e.target).length === 0) {\n\t\t\t\t\t\tvboHideRequestInfo();\n\t\t\t\t\t}\n\t\t\t\t});\n\t\t\t\tjQuery(document).keyup(function(e) {\n\t\t\t\t\tif (e.keyCode == 27 && vbdialog_on) {\n\t\t\t\t\t\tvboHideRequestInfo();\n\t\t\t\t\t}\n\t\t\t\t});\n\t\t\t});\n\t\t\tfunction vboValidateReqInfo() {\n\t\t\t\tif (document.getElementById('vbof-inp').checked) {\n\t\t\t\t\treturn true;\n\t\t\t\t}\n\t\t\t\talert('Please fill in all the fields in order to request information.');\n\t\t\t\treturn false;\n\t\t\t}\n\t\t\t<\/script>\n\t\t\t\t<\/div>\n\t\t\t<div class=\"vb_detcostroomdet\">\n\t\t\t<div class=\"vb_detcostroom\">\n\t\t\t\t<div class=\"vblistroomnamedivprice\">\n\t\t\t\t\t<div class=\"vblistroomname\">\n\t\t\t\t\t\t<span class=\"vbliststartfromrdet\">Starting From<\/span>\n\t\t\t\t\t\t<span class=\"room_cost\"><span class=\"vbo_currency\">\u20ac<\/span> <span class=\"vbo_price\">100<\/span><\/span>\n\t\t\t\t\t\t\t\t\t\t<\/div>\n\t\t\t\t<\/div>\n\t\t\t<\/div>\n\t\t<\/div>\n\t\t<\/div>\n\n\t\t<div class=\"room_carats\">\n\t\t<h3 class=\"vbtith3\">Characteristics<\/h3>\n\t\t<div class=\"vbo-room-carats\">\n<span class=\"vbo-room-carat\"><span class=\"vbo-expl\" data-vbo-expl=\"WiFi\"><i class=\"fas fa-wifi vbo-icn-carat\"><\/i><\/span><\/span>\n<span class=\"vbo-room-carat\"><span class=\"vbo-expl\" data-vbo-expl=\"TV Sat\"><i class=\"fas fa-tv vbo-icn-carat\"><\/i><\/span><\/span>\n<span class=\"vbo-room-carat\"><span class=\"vbo-expl\" data-vbo-expl=\"2 Badezimmer\"><i class=\"fas fa-bath vbo-icn-carat\"><\/i><\/span><\/span>\n<span class=\"vbo-room-carat\"><span class=\"vbo-expl\" data-vbo-expl=\"Campingbett\"><i class=\"fas fa-bed vbo-icn-carat\"><\/i><\/span><\/span>\n<span class=\"vbo-room-carat\"><span class=\"vbo-expl\" data-vbo-expl=\"Garten mit Liegest\u00fchlen\"><i class=\"fas fa-umbrella-beach vbo-icn-carat\"><\/i><\/span><\/span>\n<span class=\"vbo-room-carat\"><span class=\"vbo-expl\" data-vbo-expl=\"Kaffeemaschine\"><i class=\"fas fa-coffee vbo-icn-carat\"><\/i><\/span><\/span>\n<span class=\"vbo-room-carat\"><span class=\"vbo-expl\" data-vbo-expl=\"F\u00f6n\"><i class=\"fas fa-wind\"><\/i><\/span><\/span>\n<span class=\"vbo-room-carat\"><span class=\"vbo-expl\" data-vbo-expl=\"Hochstuhl\"><i class=\"fas fa-chair\"><\/i><\/span><\/span>\n<span class=\"vbo-room-carat\"><span class=\"vbo-expl\" data-vbo-expl=\"Trockner\"><i class=\"fas fa-tshirt\"><\/i><\/span><\/span>\n<span class=\"vbo-room-carat\"><span class=\"vbo-expl\" data-vbo-expl=\"Balkon\"><i class=\"fas fa-columns\"><\/i><\/span><\/span>\n<span class=\"vbo-room-carat\"><span class=\"vbo-expl\" data-vbo-expl=\"Toaster\"><i class=\"fas fa-bread-slice\"><\/i><\/span><\/span>\n<span class=\"vbo-room-carat\"><span class=\"vbo-expl\" data-vbo-expl=\"Kessel\"><i class=\"fas fa-mug-hot\"><\/i><\/span><\/span>\n<span class=\"vbo-room-carat\"><span class=\"vbo-expl\" data-vbo-expl=\"Eisen\"><i class=\"far fa-sticky-note\"><\/i><\/span><\/span>\n<span class=\"vbo-room-carat\"><span class=\"vbo-expl\" data-vbo-expl=\"Rauchen verboten.\"><i class=\"fas fa-smoking-ban\"><\/i><\/span><\/span>\n<span class=\"vbo-room-carat\"><span class=\"vbo-expl\" data-vbo-expl=\"Offene Flammen verboten\"><i class=\"fas fa-fire-alt\"><\/i><\/span><\/span>\n<\/div>\n\t<\/div>\n\t<\/div>\n<br clear=\"all\"\/>\n\n\n\n\n\n\n\n\n\n\n\n\n\n\n\n\n\n\n\n\t<!-- <div class=\"vblistroomnamediv\">\n\t\t<span class=\"vblistroomname\">Costa Granda Wohnung<\/span>\n\t\t<span class=\"vblistroomcat\"><\/span>\n\t<\/div> -->\n\t\n\t<div class=\"vbroomimgdesc\">\n\t\t\t<div class=\"vikfx-gallery-container vikfx-roomdetails-gallery-container\">\n\t\t\t<div class=\"vikfx-gallery-fade-container\">\n\t\t\t\t<img src=\"https:\/\/www.nicadiego.com\/wp-content\/plugins\/vikbooking\/site\/resources\/uploads\/_t8a3923.jpg\" alt=\"Costa Granda Wohnung\" class=\"vikfx-gallery-image vblistimg\"\/>\n\t\t\t\t\t\t\t<div class=\"vikfx-gallery-navigation-controls\">\n\t\t\t\t\t<div class=\"vikfx-gallery-navigation-controls-prevnext\">\n\t\t\t\t\t\t<a href=\"javascript: void(0);\" class=\"vikfx-gallery-previous-image\"><i class=\"fas fa-chevron-left\"><\/i><\/a>\n\t\t\t\t\t\t<a href=\"javascript: void(0);\" class=\"vikfx-gallery-next-image\"><i class=\"fas fa-chevron-right\"><\/i><\/a>\n\t\t\t\t\t<\/div>\n\t\t\t\t<\/div>\n\t\t\t\t\t\t\t<\/div>\n\t\t\t\t\t<div class=\"vikfx-gallery\">\n\t\t\t\t\t\t\t<a href=\"https:\/\/www.nicadiego.com\/wp-content\/plugins\/vikbooking\/site\/resources\/uploads\/big__t8a3923.jpg\">\n\t\t\t\t\t<img src=\"https:\/\/www.nicadiego.com\/wp-content\/plugins\/vikbooking\/site\/resources\/uploads\/thumb__t8a3923.jpg\" alt=\"_t8a3923\" title=\"\"\/>\n\t\t\t\t<\/a>\n\t\t\t\t\t\t\t\t<a href=\"https:\/\/www.nicadiego.com\/wp-content\/plugins\/vikbooking\/site\/resources\/uploads\/big__t8a3906.jpg\">\n\t\t\t\t\t<img src=\"https:\/\/www.nicadiego.com\/wp-content\/plugins\/vikbooking\/site\/resources\/uploads\/thumb__t8a3906.jpg\" alt=\"_t8a3906\" title=\"\"\/>\n\t\t\t\t<\/a>\n\t\t\t\t\t\t\t\t<a href=\"https:\/\/www.nicadiego.com\/wp-content\/plugins\/vikbooking\/site\/resources\/uploads\/big__t8a3913.jpg\">\n\t\t\t\t\t<img src=\"https:\/\/www.nicadiego.com\/wp-content\/plugins\/vikbooking\/site\/resources\/uploads\/thumb__t8a3913.jpg\" alt=\"_t8a3913\" title=\"\"\/>\n\t\t\t\t<\/a>\n\t\t\t\t\t\t\t\t<a href=\"https:\/\/www.nicadiego.com\/wp-content\/plugins\/vikbooking\/site\/resources\/uploads\/big__t8a3919.jpg\">\n\t\t\t\t\t<img src=\"https:\/\/www.nicadiego.com\/wp-content\/plugins\/vikbooking\/site\/resources\/uploads\/thumb__t8a3919.jpg\" alt=\"_t8a3919\" title=\"\"\/>\n\t\t\t\t<\/a>\n\t\t\t\t\t\t\t\t<a href=\"https:\/\/www.nicadiego.com\/wp-content\/plugins\/vikbooking\/site\/resources\/uploads\/big__t8a3936.jpg\">\n\t\t\t\t\t<img src=\"https:\/\/www.nicadiego.com\/wp-content\/plugins\/vikbooking\/site\/resources\/uploads\/thumb__t8a3936.jpg\" alt=\"_t8a3936\" title=\"\"\/>\n\t\t\t\t<\/a>\n\t\t\t\t\t\t\t\t<a href=\"https:\/\/www.nicadiego.com\/wp-content\/plugins\/vikbooking\/site\/resources\/uploads\/big__t8a3938.jpg\">\n\t\t\t\t\t<img src=\"https:\/\/www.nicadiego.com\/wp-content\/plugins\/vikbooking\/site\/resources\/uploads\/thumb__t8a3938.jpg\" alt=\"_t8a3938\" title=\"\"\/>\n\t\t\t\t<\/a>\n\t\t\t\t\t\t\t\t<a href=\"https:\/\/www.nicadiego.com\/wp-content\/plugins\/vikbooking\/site\/resources\/uploads\/big__t8a3916.jpg\">\n\t\t\t\t\t<img src=\"https:\/\/www.nicadiego.com\/wp-content\/plugins\/vikbooking\/site\/resources\/uploads\/thumb__t8a3916.jpg\" alt=\"_t8a3916\" title=\"\"\/>\n\t\t\t\t<\/a>\n\t\t\t\t\t\t\t\t<a href=\"https:\/\/www.nicadiego.com\/wp-content\/plugins\/vikbooking\/site\/resources\/uploads\/big__t8a3875.jpg\">\n\t\t\t\t\t<img src=\"https:\/\/www.nicadiego.com\/wp-content\/plugins\/vikbooking\/site\/resources\/uploads\/thumb__t8a3875.jpg\" alt=\"_t8a3875\" title=\"\"\/>\n\t\t\t\t<\/a>\n\t\t\t\t\t\t\t\t<a href=\"https:\/\/www.nicadiego.com\/wp-content\/plugins\/vikbooking\/site\/resources\/uploads\/big__t8a3882.jpg\">\n\t\t\t\t\t<img src=\"https:\/\/www.nicadiego.com\/wp-content\/plugins\/vikbooking\/site\/resources\/uploads\/thumb__t8a3882.jpg\" alt=\"_t8a3882\" title=\"\"\/>\n\t\t\t\t<\/a>\n\t\t\t\t\t\t\t\t<a href=\"https:\/\/www.nicadiego.com\/wp-content\/plugins\/vikbooking\/site\/resources\/uploads\/big__t8a3884.jpg\">\n\t\t\t\t\t<img src=\"https:\/\/www.nicadiego.com\/wp-content\/plugins\/vikbooking\/site\/resources\/uploads\/thumb__t8a3884.jpg\" alt=\"_t8a3884\" title=\"\"\/>\n\t\t\t\t<\/a>\n\t\t\t\t\t\t\t\t<a href=\"https:\/\/www.nicadiego.com\/wp-content\/plugins\/vikbooking\/site\/resources\/uploads\/big__t8a3897.jpg\">\n\t\t\t\t\t<img src=\"https:\/\/www.nicadiego.com\/wp-content\/plugins\/vikbooking\/site\/resources\/uploads\/thumb__t8a3897.jpg\" alt=\"_t8a3897\" title=\"\"\/>\n\t\t\t\t<\/a>\n\t\t\t\t\t\t\t\t<a href=\"https:\/\/www.nicadiego.com\/wp-content\/plugins\/vikbooking\/site\/resources\/uploads\/big__t8a3892.jpg\">\n\t\t\t\t\t<img src=\"https:\/\/www.nicadiego.com\/wp-content\/plugins\/vikbooking\/site\/resources\/uploads\/thumb__t8a3892.jpg\" alt=\"_t8a3892\" title=\"\"\/>\n\t\t\t\t<\/a>\n\t\t\t\t\t\t\t\t<a href=\"https:\/\/www.nicadiego.com\/wp-content\/plugins\/vikbooking\/site\/resources\/uploads\/big__t8a3911.jpg\">\n\t\t\t\t\t<img src=\"https:\/\/www.nicadiego.com\/wp-content\/plugins\/vikbooking\/site\/resources\/uploads\/thumb__t8a3911.jpg\" alt=\"_t8a3911\" title=\"\"\/>\n\t\t\t\t<\/a>\n\t\t\t\t\t\t\t\t<a href=\"https:\/\/www.nicadiego.com\/wp-content\/plugins\/vikbooking\/site\/resources\/uploads\/big__t8a3909.jpg\">\n\t\t\t\t\t<img src=\"https:\/\/www.nicadiego.com\/wp-content\/plugins\/vikbooking\/site\/resources\/uploads\/thumb__t8a3909.jpg\" alt=\"_t8a3909\" title=\"\"\/>\n\t\t\t\t<\/a>\n\t\t\t\t\t\t\t<\/div>\n\t\t\t\t\n\t\t<\/div>\n\t\t<\/div>\n\n\t\n\n\n\n\n\n\n\n\n\n\n\n\n\n\n\n\n\n\n\n\n\n\n\n\n\n\n\n\n\n\n\n\n\n\n\n\n\n\n\n\n\n\n\n\n<div id=\"vbo-bookingpart-init\"><\/div>\n\n<!-- <div class=\"vbo-availcalendars-cont\">\n\n\t<h4>Availability Calendar<\/h4>\n\t\n\t<form action=\"https:\/\/www.nicadiego.com\/de\/costa-granda-wohnung\/\" method=\"post\" name=\"vbmonths\">\n\t\t<select name=\"month\" onchange=\"javascript: document.vbmonths.submit();\" class=\"vbselectm\"><\/select>\n\t\t<input type=\"hidden\" name=\"checkin\" id=\"checkin-hidden\" value=\"\" \/>\n\t\t<input type=\"hidden\" name=\"promo\" id=\"promo-hidden\" value=\"\" \/>\n\t\t<input type=\"hidden\" name=\"booknow\" value=\"1\" \/>\n\t\t<input type=\"hidden\" name=\"Itemid\" value=\"0\" \/>\n\t<\/form>\n\t\n\t<div class=\"vblegendediv\">\n\t\n\t\t<span class=\"vblegenda\"><span class=\"vblegenda-status vblegfree\">&nbsp;<\/span> <span class=\"vblegenda-lbl\">Available<\/span><\/span>\n\t\t\t<span class=\"vblegenda\"><span class=\"vblegenda-status vblegbusy\">&nbsp;<\/span> <span class=\"vblegenda-lbl\">Not Available<\/span><\/span>\n\t\t\n\t<\/div>\n\t\n\t\t<div class=\"vbcalsblock\">\n\t\t<\/div>\n<\/div> -->\n\n\n\n\n\n\n\n\n\n\n\n\n\n\n\n\n\n\n\n\n\t\n\n\n<\/div>\n\n<!-- SIDEBAR -->\n            <div class=\"col-lg-3 col-12\">\n              <div class=\"sidebar\">\n                <!-- WIDGET -->\n                <aside class=\"widget noborder sidebar-appartamento\"><a href=\"https:\/\/booking.passepartout.cloud\/booking?oidPortale=17842&lingua=it\" class=\"myButton\" id=\"btnPrenota\" style=\"margin-top: 20px\">Book now<\/a>\n                <\/aside>\n\n                \n                <!-- WIDGET -->\n                <aside class=\"widget widget-help\">\n                  <h4 class=\"widget-title\">Kontakte<\/h4>\n                  <div class=\"phone\">\n                    <a href=\"tel:+39336411576\">\n                      +39 336 411 576<br>(DE \/ ITA)<br>\n                    <\/a><br>\n                    <a href=\"tel:+393355631393\">\n                      +39 335 563 1393<br>(ENG \/ ITA)<br>\n                    <\/a>\n                  <\/div>\n                  <div class=\"email\">\n                    <a href=\"mailto:info@nicadiego.com\">info@nicadiego.com<\/a>\n                  <\/div>\n                <\/aside>\n                \n\n\n                <!-- WIDGET -->\n                <aside class=\"widget noborder\">\n                  <div id=\"TA_cdsscrollingravenarrow442\" class=\"TA_cdsscrollingravenarrow\"><ul id=\"BBH2giodT\" class=\"TA_links kpZfmZpAigd2\"><li id=\"1sWt8Zl\" class=\"JjySn73\"><a target=\"_blank\" href=\"https:\/\/www.tripadvisor.com\/Hotel_Review-g652044-d15749304-Reviews-Appartamenti_da_Nica_e_Diego-Borca_di_Cadore_Province_of_Belluno_Veneto.html\">Tripadvisor<\/a><\/li><\/ul><\/div><script async src=\"https:\/\/www.jscache.com\/wejs?wtype=cdsscrollingravenarrow&amp;uniq=442&amp;locationId=15749304&amp;lang=en_US&amp;border=true&amp;display_version=2\" data-loadtrk onload=\"this.loadtrk=true\"><\/script>\n                <\/aside>\n              <\/div>\n            <\/div>\n<\/div>\n        <\/div>\n<\/div>\n<\/div>\r\n","protected":false},"excerpt":{"rendered":"","protected":false},"author":1,"featured_media":134,"parent":0,"menu_order":0,"comment_status":"closed","ping_status":"closed","template":"","meta":[],"categories":[16],"_links":{"self":[{"href":"https:\/\/www.nicadiego.com\/de\/wp-json\/wp\/v2\/pages\/206"}],"collection":[{"href":"https:\/\/www.nicadiego.com\/de\/wp-json\/wp\/v2\/pages"}],"about":[{"href":"https:\/\/www.nicadiego.com\/de\/wp-json\/wp\/v2\/types\/page"}],"author":[{"embeddable":true,"href":"https:\/\/www.nicadiego.com\/de\/wp-json\/wp\/v2\/users\/1"}],"replies":[{"embeddable":true,"href":"https:\/\/www.nicadiego.com\/de\/wp-json\/wp\/v2\/comments?post=206"}],"version-history":[{"count":1,"href":"https:\/\/www.nicadiego.com\/de\/wp-json\/wp\/v2\/pages\/206\/revisions"}],"predecessor-version":[{"id":207,"href":"https:\/\/www.nicadiego.com\/de\/wp-json\/wp\/v2\/pages\/206\/revisions\/207"}],"wp:featuredmedia":[{"embeddable":true,"href":"https:\/\/www.nicadiego.com\/de\/wp-json\/wp\/v2\/media\/134"}],"wp:attachment":[{"href":"https:\/\/www.nicadiego.com\/de\/wp-json\/wp\/v2\/media?parent=206"}],"wp:term":[{"taxonomy":"category","embeddable":true,"href":"https:\/\/www.nicadiego.com\/de\/wp-json\/wp\/v2\/categories?post=206"}],"curies":[{"name":"wp","href":"https:\/\/api.w.org\/{rel}","templated":true}]}}