{"id":2040,"date":"2021-07-15T15:01:33","date_gmt":"2021-07-15T13:01:33","guid":{"rendered":"https:\/\/www.nicadiego.com\/?page_id=2040"},"modified":"2021-07-15T15:01:34","modified_gmt":"2021-07-15T13:01:34","slug":"termini-e-condizioni","status":"publish","type":"page","link":"https:\/\/www.nicadiego.com\/de\/termini-e-condizioni\/","title":{"rendered":"Termini e condizioni"},"content":{"rendered":"\n<h3>Direttive di cancellazione<\/h3>\n\n\n\n<ul><li>In caso di cancellazione tra 60 giorni prima della data d&#8217;arrivo e il giorno d&#8217;arrivo la caparra verr\u00e0 trattenuta.In caso di&nbsp;<em>arrivo posticipato o di partenza anticipata<\/em>&nbsp;verr\u00e0 addebitato l&#8217;intero costo della prenotazione.La cancellazione, che deve essere fatta in forma scritta, fino a 60 giorni prima della data d&#8217;arrivo \u00e8 GRATUITA.<\/li><li>Se non diversamente concordato gli appartamenti sono disponibili il giorno d&#8217;arrivo dalle ore 15.00 (check-in) e devono essere lasciati liberi entro le ore 10.00 (check-out) del giorni di partenza.<\/li><li>I prezzi concordati includono tutte le spese, se non diversamente concordato.<\/li><li>Il cliente \u00e8 responsabile per i danni agli edifici e\/o l\u2019inventario causati da lui stesso, la sua famiglia, i suoi ospiti o animali domestici, secondo le disposizioni di legge. \u00c8 responsabilit\u00e0 del cliente ottenere l&#8217;assicurazione sufficiente per tali casi di responsabilit\u00e0.<\/li><\/ul>\n\n\n\n<h3>Altre informazioni<\/h3>\n\n\n\n<p>1. L\u2019orario di Check-in \u00e8 dalle 12:00 e l\u2019orario di check-out \u00e8 fino alle 10:00.<br>2. L\u2019ospite riconosce la responsabilit\u00e0 solidale per tutti i servizi fino alla completa liquidazione delle fatture.<br>3. Gli ospiti saranno ritenuti responsabili di eventuali perdite o danni alle stanze causati da loro stessi, dai loro amici o da chiunque sia responsabile.<br>4. La direzione non \u00e8 responsabile degli oggetti personali e di valore degli ospiti, come denaro, gioielli o qualsiasi altro oggetto di valore lasciato dagli ospiti nelle camere.<br>5. Cassette di sicurezza gratuite, nel rispetto dei termini e delle condizioni d\u2019uso, sono disponibili nelle camere.<br>6. Indipendentemente dalle istruzioni di addebito, l\u2019ospite riconosce di essere personalmente responsabile del pagamento di tutte le spese maturate per conto degli ospiti durante il soggiorno.<\/p>\n","protected":false},"excerpt":{"rendered":"<p>Direttive di cancellazione In caso di cancellazione tra 60 giorni prima della data d&#8217;arrivo e il giorno d&#8217;arrivo la caparra verr\u00e0 trattenuta.In caso di&nbsp;arrivo posticipato o di partenza anticipata&nbsp;verr\u00e0 addebitato l&#8217;intero costo della prenotazione.La cancellazione, che deve essere fatta in forma scritta, fino a 60 giorni prima della data d&#8217;arrivo \u00e8 GRATUITA. Se non diversamente [&hellip;]<\/p>\n","protected":false},"author":1,"featured_media":0,"parent":0,"menu_order":0,"comment_status":"closed","ping_status":"closed","template":"","meta":[],"categories":[],"_links":{"self":[{"href":"https:\/\/www.nicadiego.com\/de\/wp-json\/wp\/v2\/pages\/2040"}],"collection":[{"href":"https:\/\/www.nicadiego.com\/de\/wp-json\/wp\/v2\/pages"}],"about":[{"href":"https:\/\/www.nicadiego.com\/de\/wp-json\/wp\/v2\/types\/page"}],"author":[{"embeddable":true,"href":"https:\/\/www.nicadiego.com\/de\/wp-json\/wp\/v2\/users\/1"}],"replies":[{"embeddable":true,"href":"https:\/\/www.nicadiego.com\/de\/wp-json\/wp\/v2\/comments?post=2040"}],"version-history":[{"count":1,"href":"https:\/\/www.nicadiego.com\/de\/wp-json\/wp\/v2\/pages\/2040\/revisions"}],"predecessor-version":[{"id":2041,"href":"https:\/\/www.nicadiego.com\/de\/wp-json\/wp\/v2\/pages\/2040\/revisions\/2041"}],"wp:attachment":[{"href":"https:\/\/www.nicadiego.com\/de\/wp-json\/wp\/v2\/media?parent=2040"}],"wp:term":[{"taxonomy":"category","embeddable":true,"href":"https:\/\/www.nicadiego.com\/de\/wp-json\/wp\/v2\/categories?post=2040"}],"curies":[{"name":"wp","href":"https:\/\/api.w.org\/{rel}","templated":true}]}}