{"id":192,"date":"2020-12-07T12:05:02","date_gmt":"2020-12-07T11:05:02","guid":{"rendered":"https:\/\/www.nicadiego.com\/ueber-uns\/"},"modified":"2021-03-10T17:47:34","modified_gmt":"2021-03-10T16:47:34","slug":"ueber-uns","status":"publish","type":"page","link":"https:\/\/www.nicadiego.com\/de\/ueber-uns\/","title":{"rendered":"\u00dcber uns"},"content":{"rendered":"\n<p>Bei uns wachen Sie in den Bergen auf und h\u00f6ren Naturger\u00e4uschen zu, w\u00e4hrend Sie die Berge Sorapiss, Pelmo und Antelao bewundern k\u00f6nnen. Dabei scheinen die Berge so nah zu sein, dass man sie anfassen kann.<\/p>\n\n<p>Unser Haus ist hier, in Mitten der Dolomiten im ruhigen Dort Borca di Cadore, umgeben der Natur. Dabei liegt es nur wenige Minuten von Cortina entfernt (15 km).<\/p>\n\n<p>Die Wohnungen \u00fcbermitteln das traditionelle bergische Ambiente. Von Kernholzm\u00f6beln bis hin zu Kachel\u00f6fen, jedes Detail vermittelt ein warmes und wohlf\u00fchlendes Umfeld, als w\u00e4ren Sie in einer Bergh\u00fctte, dabei m\u00fcssen auf keine Bequemlichkeiten verzichten.<\/p>\n\n<p>Von allen Balkonen und unserem sch\u00f6nen Garten (ca. 1 Hektar) aus, k\u00f6nnen Sie das Ph\u00e4nomene Alpengl\u00fchen bei Sonnenaufgang und Sonnenuntergang genie\u00dfen. Ein Schauspiel, das die Gipfel der Dolomiten entflammt und faszinierende Farbspiele aus Rosa, Orange, Rot und Violett erzeugt. Des weiteren l\u00e4sst sich die bezaubernde Landschaft bewundern, 2009 als UNESCO Weltkulturerbe aufgenommen wurde.<\/p>\n\n<div class=\"wp-block-image text-center is-style-default\"><figure class=\"aligncenter size-large is-resized\"><img loading=\"lazy\" src=\"https:\/\/www.nicadiego.com\/wp-content\/uploads\/2020\/12\/panorami-1024x768.jpg\" alt=\"\" class=\"wp-image-281\" width=\"1024\" height=\"768\" srcset=\"https:\/\/www.nicadiego.com\/wp-content\/uploads\/2020\/12\/panorami-1024x768.jpg 1024w, https:\/\/www.nicadiego.com\/wp-content\/uploads\/2020\/12\/panorami-300x225.jpg 300w, https:\/\/www.nicadiego.com\/wp-content\/uploads\/2020\/12\/panorami-768x576.jpg 768w, https:\/\/www.nicadiego.com\/wp-content\/uploads\/2020\/12\/panorami-1536x1152.jpg 1536w, https:\/\/www.nicadiego.com\/wp-content\/uploads\/2020\/12\/panorami.jpg 1600w\" sizes=\"(max-width: 1024px) 100vw, 1024px\" \/><\/figure><\/div>\n\n<p>Unser Garten steht Ihnen jederzeit zur Verf\u00fcgung, um sich zu entspannen, den Sonnenaufgang zu bewundern oder sich beim Sonnenuntergang ein Aperitif genie\u00dfen.<\/p>\n\n<p>Wir leben Naturbewusst und f\u00f6rdern dies in dem unser Haus mit einer modernen Biomassen Heizung ausgestattet ist und damit geheizt und warmes Wasser erzeugt wird.<\/p>\n\n<p>Au\u00dferdem finden Sie in jeder Wohnung moderne und energieeffiziente Haushaltsger\u00e4te wie: Waschmaschine, Geschirrsp\u00fclmaschine, Induktionskochfeld, Mikrowelle, F\u00f6n, Staubsauger, SAT-TV und vieles mehr. Dank eines W\u00e4schedienstes, stehen Ihnen Handt\u00fccher und Bettw\u00e4sche zur Verf\u00fcgung.<\/p>\n\n<p>Z\u00f6gern Sie nicht uns f\u00fcr weitere Informationen zu kontaktieren, wir stehen Ihnen gerne zur Verf\u00fcgung. Nica &amp; Diego<\/p>\n","protected":false},"excerpt":{"rendered":"<p>Bei uns wachen Sie in den Bergen auf und h\u00f6ren Naturger\u00e4uschen zu, w\u00e4hrend Sie die Berge Sorapiss, Pelmo und Antelao bewundern k\u00f6nnen. Dabei scheinen die Berge so nah zu sein, dass man sie anfassen kann. Unser Haus ist hier, in Mitten der Dolomiten im ruhigen Dort Borca di Cadore, umgeben der Natur. Dabei liegt es [&hellip;]<\/p>\n","protected":false},"author":1,"featured_media":129,"parent":0,"menu_order":0,"comment_status":"closed","ping_status":"closed","template":"","meta":[],"categories":[],"_links":{"self":[{"href":"https:\/\/www.nicadiego.com\/de\/wp-json\/wp\/v2\/pages\/192"}],"collection":[{"href":"https:\/\/www.nicadiego.com\/de\/wp-json\/wp\/v2\/pages"}],"about":[{"href":"https:\/\/www.nicadiego.com\/de\/wp-json\/wp\/v2\/types\/page"}],"author":[{"embeddable":true,"href":"https:\/\/www.nicadiego.com\/de\/wp-json\/wp\/v2\/users\/1"}],"replies":[{"embeddable":true,"href":"https:\/\/www.nicadiego.com\/de\/wp-json\/wp\/v2\/comments?post=192"}],"version-history":[{"count":3,"href":"https:\/\/www.nicadiego.com\/de\/wp-json\/wp\/v2\/pages\/192\/revisions"}],"predecessor-version":[{"id":706,"href":"https:\/\/www.nicadiego.com\/de\/wp-json\/wp\/v2\/pages\/192\/revisions\/706"}],"wp:featuredmedia":[{"embeddable":true,"href":"https:\/\/www.nicadiego.com\/de\/wp-json\/wp\/v2\/media\/129"}],"wp:attachment":[{"href":"https:\/\/www.nicadiego.com\/de\/wp-json\/wp\/v2\/media?parent=192"}],"wp:term":[{"taxonomy":"category","embeddable":true,"href":"https:\/\/www.nicadiego.com\/de\/wp-json\/wp\/v2\/categories?post=192"}],"curies":[{"name":"wp","href":"https:\/\/api.w.org\/{rel}","templated":true}]}}